{"id":574,"date":"2020-03-06T00:46:45","date_gmt":"2020-03-05T23:46:45","guid":{"rendered":"http:\/\/conceptcarrelage.com\/?page_id=574"},"modified":"2020-03-08T15:51:00","modified_gmt":"2020-03-08T14:51:00","slug":"carrelage","status":"publish","type":"page","link":"https:\/\/conceptcarrelage.com\/index.php\/work\/carrelage\/","title":{"rendered":"CARRELAGE"},"content":{"rendered":"\t\t<div data-elementor-type=\"wp-page\" data-elementor-id=\"574\" class=\"elementor elementor-574\">\n\t\t\t\t\t\t<div class=\"elementor-inner\">\n\t\t\t\t<div class=\"elementor-section-wrap\">\n\t\t\t\t\t\t\t\t\t<section class=\"elementor-section elementor-top-section elementor-element elementor-element-0690ede elementor-section-boxed elementor-section-height-default elementor-section-height-default\" data-id=\"0690ede\" data-element_type=\"section\">\n\t\t\t\t\t\t<div class=\"elementor-container elementor-column-gap-default\">\n\t\t\t\t\t\t\t<div class=\"elementor-row\">\n\t\t\t\t\t<div class=\"elementor-column elementor-col-100 elementor-top-column elementor-element elementor-element-002959f\" data-id=\"002959f\" data-element_type=\"column\">\n\t\t\t<div class=\"elementor-column-wrap elementor-element-populated\">\n\t\t\t\t\t\t\t<div class=\"elementor-widget-wrap\">\n\t\t\t\t\t\t<div class=\"elementor-element elementor-element-efbe2c7 elementor-pagination-position-outside elementor-widget elementor-widget-image-carousel\" data-id=\"efbe2c7\" data-element_type=\"widget\" data-settings=\"{&quot;navigation&quot;:&quot;dots&quot;,&quot;autoplay&quot;:&quot;yes&quot;,&quot;pause_on_hover&quot;:&quot;yes&quot;,&quot;pause_on_interaction&quot;:&quot;yes&quot;,&quot;autoplay_speed&quot;:5000,&quot;infinite&quot;:&quot;yes&quot;,&quot;speed&quot;:500}\" data-widget_type=\"image-carousel.default\">\n\t\t\t\t<div class=\"elementor-widget-container\">\n\t\t\t\t\t<div class=\"elementor-image-carousel-wrapper swiper-container\" dir=\"ltr\">\n\t\t\t<div class=\"elementor-image-carousel swiper-wrapper\">\n\t\t\t\t\t\t\t\t<div class=\"swiper-slide\"><figure class=\"swiper-slide-inner\"><img class=\"swiper-slide-image\" src=\"https:\/\/conceptcarrelage.com\/wp-content\/uploads\/2020\/02\/salle-de-bain-150x150.jpg\" alt=\"Salle de bain\" \/><\/figure><\/div><div class=\"swiper-slide\"><figure class=\"swiper-slide-inner\"><img class=\"swiper-slide-image\" src=\"https:\/\/conceptcarrelage.com\/wp-content\/uploads\/2020\/02\/salle-de-bain-concept-carrelage-3-150x150.jpg\" alt=\"Salle de bain\" \/><\/figure><\/div><div class=\"swiper-slide\"><figure class=\"swiper-slide-inner\"><img class=\"swiper-slide-image\" src=\"https:\/\/conceptcarrelage.com\/wp-content\/uploads\/2020\/02\/escalier-exterieur-concept-carrelage-150x150.jpg\" alt=\"All\u00e9e ext\u00e9rieure\" \/><\/figure><\/div><div class=\"swiper-slide\"><figure class=\"swiper-slide-inner\"><img class=\"swiper-slide-image\" src=\"https:\/\/conceptcarrelage.com\/wp-content\/uploads\/2020\/02\/douche-2_concept-carrelage-150x150.jpg\" alt=\"Douche\" \/><\/figure><\/div><div class=\"swiper-slide\"><figure class=\"swiper-slide-inner\"><img class=\"swiper-slide-image\" src=\"https:\/\/conceptcarrelage.com\/wp-content\/uploads\/2020\/02\/salle-de-bain-concept-carrelage-1-150x150.jpg\" alt=\"Douche\" \/><\/figure><\/div><div class=\"swiper-slide\"><figure class=\"swiper-slide-inner\"><img class=\"swiper-slide-image\" src=\"https:\/\/conceptcarrelage.com\/wp-content\/uploads\/2020\/02\/salle-de-bain-concept-carrelage-2-150x150.jpg\" alt=\"salle de bain concept carrelage 2\" \/><\/figure><\/div>\t\t\t<\/div>\n\t\t\t\t\t\t\t\t\t\t\t\t<div class=\"swiper-pagination\"><\/div>\n\t\t\t\t\t\t\t\t\t\t\t\t\t<\/div>\n\t\t\t\t<\/div>\n\t\t\t\t<\/div>\n\t\t\t\t\t\t<\/div>\n\t\t\t\t\t<\/div>\n\t\t<\/div>\n\t\t\t\t\t\t\t\t<\/div>\n\t\t\t\t\t<\/div>\n\t\t<\/section>\n\t\t\t\t<section class=\"elementor-section elementor-top-section elementor-element elementor-element-cc32c99 elementor-section-boxed elementor-section-height-default elementor-section-height-default\" data-id=\"cc32c99\" data-element_type=\"section\">\n\t\t\t\t\t\t<div class=\"elementor-container elementor-column-gap-default\">\n\t\t\t\t\t\t\t<div class=\"elementor-row\">\n\t\t\t\t\t<div class=\"elementor-column elementor-col-100 elementor-top-column elementor-element elementor-element-dcb411c\" data-id=\"dcb411c\" data-element_type=\"column\">\n\t\t\t<div class=\"elementor-column-wrap elementor-element-populated\">\n\t\t\t\t\t\t\t<div class=\"elementor-widget-wrap\">\n\t\t\t\t\t\t<div class=\"elementor-element elementor-element-6d90125 elementor-widget elementor-widget-heading\" data-id=\"6d90125\" data-element_type=\"widget\" data-widget_type=\"heading.default\">\n\t\t\t\t<div class=\"elementor-widget-container\">\n\t\t\t<h2 class=\"elementor-heading-title elementor-size-default\">CARRELAGE INT\u00c9RIEUR, CARRELAGE EXT\u00c9RIEUR, CARRELAGE TERRASSE<\/h2>\t\t<\/div>\n\t\t\t\t<\/div>\n\t\t\t\t<div class=\"elementor-element elementor-element-4c68d03 elementor-widget elementor-widget-text-editor\" data-id=\"4c68d03\" data-element_type=\"widget\" data-widget_type=\"text-editor.default\">\n\t\t\t\t<div class=\"elementor-widget-container\">\n\t\t\t\t\t\t\t\t<div class=\"elementor-text-editor elementor-clearfix\">\n\t\t\t\t<p>Carreleur sur la m\u00e9tropole lilloise, <strong>Concept Carrelage<\/strong> vous propose ses services pour la pose de carrelage en int\u00e9rieur et ou ext\u00e9rieur.<br \/>En compl\u00e9ment d\u2019une pose parfaite, vous avez la garantie d\u2019avoir un carrelage d\u2019ext\u00e9rieur durable, r\u00e9sistant aux intemp\u00e9ries et aux diverses agressions que peuvent subir le carrelage ext\u00e9rieur.<\/p><p>Concept Carrelage intervient sur toute la m\u00e9tropole lilloise pour vos besoins de carrelage int\u00e9rieur et ext\u00e9rieur, de terrasse\u2026<br \/>Cr\u00e9ation ou r\u00e9novation de terrasse, Concept Carrelage vous conseille, vous accompagne dans le choix des mat\u00e9riaux, pour la pose de votre carrelage.<\/p>\t\t\t\t\t<\/div>\n\t\t\t\t\t\t<\/div>\n\t\t\t\t<\/div>\n\t\t\t\t\t\t<\/div>\n\t\t\t\t\t<\/div>\n\t\t<\/div>\n\t\t\t\t\t\t\t\t<\/div>\n\t\t\t\t\t<\/div>\n\t\t<\/section>\n\t\t\t\t\t\t\t\t\t<\/div>\n\t\t\t<\/div>\n\t\t\t\t\t<\/div>\n\t\t","protected":false},"excerpt":{"rendered":"<p>CARRELAGE INT\u00c9RIEUR, CARRELAGE EXT\u00c9RIEUR, CARRELAGE TERRASSE Carreleur sur la m\u00e9tropole lilloise, Concept Carrelage vous propose ses services pour la pose de carrelage en int\u00e9rieur et ou ext\u00e9rieur.En compl\u00e9ment d\u2019une pose parfaite, vous avez la garantie d\u2019avoir un carrelage d\u2019ext\u00e9rieur durable, r\u00e9sistant aux intemp\u00e9ries et aux diverses agressions que peuvent subir le carrelage ext\u00e9rieur. Concept Carrelage [&hellip;]<\/p>\n","protected":false},"author":1,"featured_media":0,"parent":261,"menu_order":0,"comment_status":"closed","ping_status":"closed","template":"elementor_header_footer","meta":[],"_links":{"self":[{"href":"https:\/\/conceptcarrelage.com\/index.php\/wp-json\/wp\/v2\/pages\/574"}],"collection":[{"href":"https:\/\/conceptcarrelage.com\/index.php\/wp-json\/wp\/v2\/pages"}],"about":[{"href":"https:\/\/conceptcarrelage.com\/index.php\/wp-json\/wp\/v2\/types\/page"}],"author":[{"embeddable":true,"href":"https:\/\/conceptcarrelage.com\/index.php\/wp-json\/wp\/v2\/users\/1"}],"replies":[{"embeddable":true,"href":"https:\/\/conceptcarrelage.com\/index.php\/wp-json\/wp\/v2\/comments?post=574"}],"version-history":[{"count":14,"href":"https:\/\/conceptcarrelage.com\/index.php\/wp-json\/wp\/v2\/pages\/574\/revisions"}],"predecessor-version":[{"id":610,"href":"https:\/\/conceptcarrelage.com\/index.php\/wp-json\/wp\/v2\/pages\/574\/revisions\/610"}],"up":[{"embeddable":true,"href":"https:\/\/conceptcarrelage.com\/index.php\/wp-json\/wp\/v2\/pages\/261"}],"wp:attachment":[{"href":"https:\/\/conceptcarrelage.com\/index.php\/wp-json\/wp\/v2\/media?parent=574"}],"curies":[{"name":"wp","href":"https:\/\/api.w.org\/{rel}","templated":true}]}}