{"id":274,"date":"2016-11-10T16:41:00","date_gmt":"2016-11-10T16:41:00","guid":{"rendered":"https:\/\/oceanwp.org\/architect\/?page_id=274"},"modified":"2020-03-24T16:20:21","modified_gmt":"2020-03-24T15:20:21","slug":"about","status":"publish","type":"page","link":"https:\/\/conceptcarrelage.com\/index.php\/about\/","title":{"rendered":"a propos"},"content":{"rendered":"\t\t<div data-elementor-type=\"wp-page\" data-elementor-id=\"274\" class=\"elementor elementor-274\">\n\t\t\t\t\t\t<div class=\"elementor-inner\">\n\t\t\t\t<div class=\"elementor-section-wrap\">\n\t\t\t\t\t\t\t\t\t<section class=\"elementor-section elementor-top-section elementor-element elementor-element-o0r72cj elementor-section-content-middle elementor-section-boxed elementor-section-height-default elementor-section-height-default\" data-id=\"o0r72cj\" data-element_type=\"section\">\n\t\t\t\t\t\t<div class=\"elementor-container elementor-column-gap-default\">\n\t\t\t\t\t\t\t<div class=\"elementor-row\">\n\t\t\t\t\t<div class=\"elementor-column elementor-col-50 elementor-top-column elementor-element elementor-element-07cyz1j title-row\" data-id=\"07cyz1j\" data-element_type=\"column\">\n\t\t\t<div class=\"elementor-column-wrap elementor-element-populated\">\n\t\t\t\t\t\t\t<div class=\"elementor-widget-wrap\">\n\t\t\t\t\t\t<div class=\"elementor-element elementor-element-0ov47an elementor-widget elementor-widget-text-editor\" data-id=\"0ov47an\" data-element_type=\"widget\" data-widget_type=\"text-editor.default\">\n\t\t\t\t<div class=\"elementor-widget-container\">\n\t\t\t\t\t\t\t\t<div class=\"elementor-text-editor elementor-clearfix\">\n\t\t\t\t<p><img loading=\"lazy\" class=\"alignnone size-full wp-image-467\" src=\"http:\/\/conceptcarrelage.com\/wp-content\/uploads\/2020\/02\/concept_carrelage.png\" alt=\"\" width=\"142\" height=\"133\" \/><\/p>\t\t\t\t\t<\/div>\n\t\t\t\t\t\t<\/div>\n\t\t\t\t<\/div>\n\t\t\t\t<div class=\"elementor-element elementor-element-d9ojlv5 elementor-hidden-phone elementor-widget elementor-widget-spacer\" data-id=\"d9ojlv5\" data-element_type=\"widget\" data-widget_type=\"spacer.default\">\n\t\t\t\t<div class=\"elementor-widget-container\">\n\t\t\t\t\t<div class=\"elementor-spacer\">\n\t\t\t<div class=\"elementor-spacer-inner\"><\/div>\n\t\t<\/div>\n\t\t\t\t<\/div>\n\t\t\t\t<\/div>\n\t\t\t\t<div class=\"elementor-element elementor-element-pkfrrur big-title elementor-widget elementor-widget-heading\" data-id=\"pkfrrur\" data-element_type=\"widget\" data-widget_type=\"heading.default\">\n\t\t\t\t<div class=\"elementor-widget-container\">\n\t\t\t<h2 class=\"elementor-heading-title elementor-size-small\">carrelage\nfa\u00efence\nsalle de bain\nchape fluide<\/h2>\t\t<\/div>\n\t\t\t\t<\/div>\n\t\t\t\t\t\t<\/div>\n\t\t\t\t\t<\/div>\n\t\t<\/div>\n\t\t\t\t<div class=\"elementor-column elementor-col-50 elementor-top-column elementor-element elementor-element-i9j5fjm big-margin\" data-id=\"i9j5fjm\" data-element_type=\"column\">\n\t\t\t<div class=\"elementor-column-wrap elementor-element-populated\">\n\t\t\t\t\t\t\t<div class=\"elementor-widget-wrap\">\n\t\t\t\t\t\t<div class=\"elementor-element elementor-element-1z3o4mz elementor-widget elementor-widget-text-editor\" data-id=\"1z3o4mz\" data-element_type=\"widget\" data-widget_type=\"text-editor.default\">\n\t\t\t\t<div class=\"elementor-widget-container\">\n\t\t\t\t\t\t\t\t<div class=\"elementor-text-editor elementor-clearfix\">\n\t\t\t\t<p>La soci\u00e9t\u00e9 CONCEPT CARRELAGE, dirig\u00e9e par Giuseppe TOCCO accompagne les professionnels et les particuliers dans le choix et la pose de carrelage,<span class=\"Apple-converted-space\">\u00a0<\/span>de pavage, de fa\u00efence, de marbre, de pierre, de chape fluide en int\u00e9rieur et\/ou en ext\u00e9rieur.\u00a0CONCEPT CARRELAGE garantie un service de choix et une pose de qualit\u00e9 dans les Hauts de France.<\/p><p>CONCEPT CARRELAGE\u00a0\u00e0 Tourcoing est \u00e0 votre service pour la pose de carrelage, la fa\u00efence, salle de bain et chape fluide dans toute la r\u00e9gion des Hauts de France : Lille, Roubaix, Tourcoing, Croix, Bondues, Marcq en Baroeul, La Madeleine, Roncq, Neuville en Ferrain<\/p>\t\t\t\t\t<\/div>\n\t\t\t\t\t\t<\/div>\n\t\t\t\t<\/div>\n\t\t\t\t\t\t<\/div>\n\t\t\t\t\t<\/div>\n\t\t<\/div>\n\t\t\t\t\t\t\t\t<\/div>\n\t\t\t\t\t<\/div>\n\t\t<\/section>\n\t\t\t\t<section class=\"elementor-section elementor-top-section elementor-element elementor-element-pzwqexz elementor-section-boxed elementor-section-height-default elementor-section-height-default\" data-id=\"pzwqexz\" data-element_type=\"section\" data-settings=\"{&quot;background_background&quot;:&quot;classic&quot;}\">\n\t\t\t\t\t\t<div class=\"elementor-container elementor-column-gap-default\">\n\t\t\t\t\t\t\t<div class=\"elementor-row\">\n\t\t\t\t\t<div class=\"elementor-column elementor-col-25 elementor-top-column elementor-element elementor-element-ewfpo96\" data-id=\"ewfpo96\" data-element_type=\"column\">\n\t\t\t<div class=\"elementor-column-wrap elementor-element-populated\">\n\t\t\t\t\t\t\t<div class=\"elementor-widget-wrap\">\n\t\t\t\t\t\t<div class=\"elementor-element elementor-element-2u8aexn elementor-widget elementor-widget-counter\" data-id=\"2u8aexn\" data-element_type=\"widget\" data-widget_type=\"counter.default\">\n\t\t\t\t<div class=\"elementor-widget-container\">\n\t\t\t\t\t<div class=\"elementor-counter\">\n\t\t\t<div class=\"elementor-counter-number-wrapper\">\n\t\t\t\t<span class=\"elementor-counter-number-prefix\"><\/span>\n\t\t\t\t<span class=\"elementor-counter-number\" data-duration=\"2000\" data-to-value=\"542\" data-from-value=\"\" data-delimiter=\",\"><\/span>\n\t\t\t\t<span class=\"elementor-counter-number-suffix\"><\/span>\n\t\t\t<\/div>\n\t\t\t\t\t\t\t<div class=\"elementor-counter-title\">chantiers<\/div>\n\t\t\t\t\t<\/div>\n\t\t\t\t<\/div>\n\t\t\t\t<\/div>\n\t\t\t\t\t\t<\/div>\n\t\t\t\t\t<\/div>\n\t\t<\/div>\n\t\t\t\t<div class=\"elementor-column elementor-col-25 elementor-top-column elementor-element elementor-element-1dlilng\" data-id=\"1dlilng\" data-element_type=\"column\">\n\t\t\t<div class=\"elementor-column-wrap elementor-element-populated\">\n\t\t\t\t\t\t\t<div class=\"elementor-widget-wrap\">\n\t\t\t\t\t\t<div class=\"elementor-element elementor-element-dyk3q4o elementor-widget elementor-widget-counter\" data-id=\"dyk3q4o\" data-element_type=\"widget\" data-widget_type=\"counter.default\">\n\t\t\t\t<div class=\"elementor-widget-container\">\n\t\t\t\t\t<div class=\"elementor-counter\">\n\t\t\t<div class=\"elementor-counter-number-wrapper\">\n\t\t\t\t<span class=\"elementor-counter-number-prefix\"><\/span>\n\t\t\t\t<span class=\"elementor-counter-number\" data-duration=\"2000\" data-to-value=\"19\" data-from-value=\"\" data-delimiter=\",\"><\/span>\n\t\t\t\t<span class=\"elementor-counter-number-suffix\"><\/span>\n\t\t\t<\/div>\n\t\t\t\t\t\t\t<div class=\"elementor-counter-title\">ann\u00e9es d'existence<\/div>\n\t\t\t\t\t<\/div>\n\t\t\t\t<\/div>\n\t\t\t\t<\/div>\n\t\t\t\t\t\t<\/div>\n\t\t\t\t\t<\/div>\n\t\t<\/div>\n\t\t\t\t<div class=\"elementor-column elementor-col-25 elementor-top-column elementor-element elementor-element-fruxxnf\" data-id=\"fruxxnf\" data-element_type=\"column\">\n\t\t\t<div class=\"elementor-column-wrap elementor-element-populated\">\n\t\t\t\t\t\t\t<div class=\"elementor-widget-wrap\">\n\t\t\t\t\t\t<div class=\"elementor-element elementor-element-d9f6pev elementor-widget elementor-widget-counter\" data-id=\"d9f6pev\" data-element_type=\"widget\" data-widget_type=\"counter.default\">\n\t\t\t\t<div class=\"elementor-widget-container\">\n\t\t\t\t\t<div class=\"elementor-counter\">\n\t\t\t<div class=\"elementor-counter-number-wrapper\">\n\t\t\t\t<span class=\"elementor-counter-number-prefix\"><\/span>\n\t\t\t\t<span class=\"elementor-counter-number\" data-duration=\"2000\" data-to-value=\"99999\" data-from-value=\"\" data-delimiter=\",\"><\/span>\n\t\t\t\t<span class=\"elementor-counter-number-suffix\"><\/span>\n\t\t\t<\/div>\n\t\t\t\t\t\t\t<div class=\"elementor-counter-title\">carreaux pos\u00e9s<\/div>\n\t\t\t\t\t<\/div>\n\t\t\t\t<\/div>\n\t\t\t\t<\/div>\n\t\t\t\t\t\t<\/div>\n\t\t\t\t\t<\/div>\n\t\t<\/div>\n\t\t\t\t<div class=\"elementor-column elementor-col-25 elementor-top-column elementor-element elementor-element-js68ssv\" data-id=\"js68ssv\" data-element_type=\"column\">\n\t\t\t<div class=\"elementor-column-wrap elementor-element-populated\">\n\t\t\t\t\t\t\t<div class=\"elementor-widget-wrap\">\n\t\t\t\t\t\t<div class=\"elementor-element elementor-element-drd6enc elementor-widget elementor-widget-counter\" data-id=\"drd6enc\" data-element_type=\"widget\" data-widget_type=\"counter.default\">\n\t\t\t\t<div class=\"elementor-widget-container\">\n\t\t\t\t\t<div class=\"elementor-counter\">\n\t\t\t<div class=\"elementor-counter-number-wrapper\">\n\t\t\t\t<span class=\"elementor-counter-number-prefix\"><\/span>\n\t\t\t\t<span class=\"elementor-counter-number\" data-duration=\"2000\" data-to-value=\"100\" data-from-value=\"\" data-delimiter=\",\"><\/span>\n\t\t\t\t<span class=\"elementor-counter-number-suffix\">%<\/span>\n\t\t\t<\/div>\n\t\t\t\t\t\t\t<div class=\"elementor-counter-title\">clients satisfaits<\/div>\n\t\t\t\t\t<\/div>\n\t\t\t\t<\/div>\n\t\t\t\t<\/div>\n\t\t\t\t\t\t<\/div>\n\t\t\t\t\t<\/div>\n\t\t<\/div>\n\t\t\t\t\t\t\t\t<\/div>\n\t\t\t\t\t<\/div>\n\t\t<\/section>\n\t\t\t\t<section class=\"elementor-section elementor-top-section elementor-element elementor-element-f1odsln elementor-section-boxed elementor-section-height-default elementor-section-height-default\" data-id=\"f1odsln\" data-element_type=\"section\">\n\t\t\t\t\t\t<div class=\"elementor-container elementor-column-gap-no\">\n\t\t\t\t\t\t\t<div class=\"elementor-row\">\n\t\t\t\t\t<div class=\"elementor-column elementor-col-100 elementor-top-column elementor-element elementor-element-cjleeyx\" data-id=\"cjleeyx\" data-element_type=\"column\">\n\t\t\t<div class=\"elementor-column-wrap elementor-element-populated\">\n\t\t\t\t\t\t\t<div class=\"elementor-widget-wrap\">\n\t\t\t\t\t\t<div class=\"elementor-element elementor-element-ejbnulu elementor-widget elementor-widget-heading\" data-id=\"ejbnulu\" data-element_type=\"widget\" data-widget_type=\"heading.default\">\n\t\t\t\t<div class=\"elementor-widget-container\">\n\t\t\t<h2 class=\"elementor-heading-title elementor-size-default\">savoir-faire<\/h2>\t\t<\/div>\n\t\t\t\t<\/div>\n\t\t\t\t<div class=\"elementor-element elementor-element-cz718on elementor-widget-divider--view-line elementor-widget elementor-widget-divider\" data-id=\"cz718on\" data-element_type=\"widget\" data-widget_type=\"divider.default\">\n\t\t\t\t<div class=\"elementor-widget-container\">\n\t\t\t\t\t<div class=\"elementor-divider\">\n\t\t\t<span class=\"elementor-divider-separator\">\n\t\t\t\t\t\t<\/span>\n\t\t<\/div>\n\t\t\t\t<\/div>\n\t\t\t\t<\/div>\n\t\t\t\t<section class=\"elementor-section elementor-inner-section elementor-element elementor-element-bcdwfe9 elementor-section-boxed elementor-section-height-default elementor-section-height-default\" data-id=\"bcdwfe9\" data-element_type=\"section\">\n\t\t\t\t\t\t<div class=\"elementor-container elementor-column-gap-default\">\n\t\t\t\t\t\t\t<div class=\"elementor-row\">\n\t\t\t\t\t<div class=\"elementor-column elementor-col-25 elementor-inner-column elementor-element elementor-element-734u4dm\" data-id=\"734u4dm\" data-element_type=\"column\">\n\t\t\t<div class=\"elementor-column-wrap elementor-element-populated\">\n\t\t\t\t\t\t\t<div class=\"elementor-widget-wrap\">\n\t\t\t\t\t\t<div class=\"elementor-element elementor-element-m626bz8 elementor-invisible elementor-widget elementor-widget-image\" data-id=\"m626bz8\" data-element_type=\"widget\" data-settings=\"{&quot;_animation&quot;:&quot;bounceIn&quot;}\" data-widget_type=\"image.default\">\n\t\t\t\t<div class=\"elementor-widget-container\">\n\t\t\t\t\t\t\t\t<div class=\"elementor-image\">\n\t\t\t\t\t\t\t\t\t\t\t\t<img width=\"1024\" height=\"768\" src=\"https:\/\/conceptcarrelage.com\/wp-content\/uploads\/2020\/02\/carrelage-interieur-1024x768.jpg\" class=\"attachment-large size-large wp-image-418\" alt=\"\" loading=\"lazy\" srcset=\"https:\/\/conceptcarrelage.com\/wp-content\/uploads\/2020\/02\/carrelage-interieur-1024x768.jpg 1024w, https:\/\/conceptcarrelage.com\/wp-content\/uploads\/2020\/02\/carrelage-interieur-300x225.jpg 300w, https:\/\/conceptcarrelage.com\/wp-content\/uploads\/2020\/02\/carrelage-interieur-768x576.jpg 768w, https:\/\/conceptcarrelage.com\/wp-content\/uploads\/2020\/02\/carrelage-interieur.jpg 1280w\" sizes=\"(max-width: 1024px) 100vw, 1024px\" \/>\t\t\t\t\t\t\t\t\t\t\t\t\t\t<\/div>\n\t\t\t\t\t\t<\/div>\n\t\t\t\t<\/div>\n\t\t\t\t<div class=\"elementor-element elementor-element-pv2keyl elementor-widget elementor-widget-text-editor\" data-id=\"pv2keyl\" data-element_type=\"widget\" data-widget_type=\"text-editor.default\">\n\t\t\t\t<div class=\"elementor-widget-container\">\n\t\t\t\t\t\t\t\t<div class=\"elementor-text-editor elementor-clearfix\">\n\t\t\t\t<h3 style=\"margin: 0;\">carrelage int\u00e9rieur<\/h3><p style=\"margin: 1px 0 0;\">\u00a0<\/p>\t\t\t\t\t<\/div>\n\t\t\t\t\t\t<\/div>\n\t\t\t\t<\/div>\n\t\t\t\t\t\t<\/div>\n\t\t\t\t\t<\/div>\n\t\t<\/div>\n\t\t\t\t<div class=\"elementor-column elementor-col-25 elementor-inner-column elementor-element elementor-element-c1973ee\" data-id=\"c1973ee\" data-element_type=\"column\">\n\t\t\t<div class=\"elementor-column-wrap elementor-element-populated\">\n\t\t\t\t\t\t\t<div class=\"elementor-widget-wrap\">\n\t\t\t\t\t\t<div class=\"elementor-element elementor-element-6609b0y elementor-invisible elementor-widget elementor-widget-image\" data-id=\"6609b0y\" data-element_type=\"widget\" data-settings=\"{&quot;_animation&quot;:&quot;bounceIn&quot;}\" data-widget_type=\"image.default\">\n\t\t\t\t<div class=\"elementor-widget-container\">\n\t\t\t\t\t\t\t\t<div class=\"elementor-image\">\n\t\t\t\t\t\t\t\t\t\t\t\t<img width=\"2560\" height=\"1920\" src=\"https:\/\/conceptcarrelage.com\/wp-content\/uploads\/2020\/02\/douche-piscine-Tourcoing-les-bains-Concept-Carrelage-1-scaled.jpg\" class=\"attachment-full size-full wp-image-376\" alt=\"\" loading=\"lazy\" srcset=\"https:\/\/conceptcarrelage.com\/wp-content\/uploads\/2020\/02\/douche-piscine-Tourcoing-les-bains-Concept-Carrelage-1-scaled.jpg 2560w, https:\/\/conceptcarrelage.com\/wp-content\/uploads\/2020\/02\/douche-piscine-Tourcoing-les-bains-Concept-Carrelage-1-300x225.jpg 300w, https:\/\/conceptcarrelage.com\/wp-content\/uploads\/2020\/02\/douche-piscine-Tourcoing-les-bains-Concept-Carrelage-1-1024x768.jpg 1024w, https:\/\/conceptcarrelage.com\/wp-content\/uploads\/2020\/02\/douche-piscine-Tourcoing-les-bains-Concept-Carrelage-1-768x576.jpg 768w, https:\/\/conceptcarrelage.com\/wp-content\/uploads\/2020\/02\/douche-piscine-Tourcoing-les-bains-Concept-Carrelage-1-1536x1152.jpg 1536w, https:\/\/conceptcarrelage.com\/wp-content\/uploads\/2020\/02\/douche-piscine-Tourcoing-les-bains-Concept-Carrelage-1-2048x1536.jpg 2048w\" sizes=\"(max-width: 2560px) 100vw, 2560px\" \/>\t\t\t\t\t\t\t\t\t\t\t\t\t\t<\/div>\n\t\t\t\t\t\t<\/div>\n\t\t\t\t<\/div>\n\t\t\t\t<div class=\"elementor-element elementor-element-va60r28 elementor-widget elementor-widget-text-editor\" data-id=\"va60r28\" data-element_type=\"widget\" data-widget_type=\"text-editor.default\">\n\t\t\t\t<div class=\"elementor-widget-container\">\n\t\t\t\t\t\t\t\t<div class=\"elementor-text-editor elementor-clearfix\">\n\t\t\t\t<h3 style=\"margin: 0;\">fa\u00efence<\/h3><p style=\"margin: 1px 0 0;\">\u00a0<\/p>\t\t\t\t\t<\/div>\n\t\t\t\t\t\t<\/div>\n\t\t\t\t<\/div>\n\t\t\t\t\t\t<\/div>\n\t\t\t\t\t<\/div>\n\t\t<\/div>\n\t\t\t\t<div class=\"elementor-column elementor-col-25 elementor-inner-column elementor-element elementor-element-og8bscj\" data-id=\"og8bscj\" data-element_type=\"column\">\n\t\t\t<div class=\"elementor-column-wrap elementor-element-populated\">\n\t\t\t\t\t\t\t<div class=\"elementor-widget-wrap\">\n\t\t\t\t\t\t<div class=\"elementor-element elementor-element-jtezvm0 elementor-invisible elementor-widget elementor-widget-image\" data-id=\"jtezvm0\" data-element_type=\"widget\" data-settings=\"{&quot;_animation&quot;:&quot;bounceIn&quot;}\" data-widget_type=\"image.default\">\n\t\t\t\t<div class=\"elementor-widget-container\">\n\t\t\t\t\t\t\t\t<div class=\"elementor-image\">\n\t\t\t\t\t\t\t\t\t\t\t\t<img width=\"2560\" height=\"1920\" src=\"https:\/\/conceptcarrelage.com\/wp-content\/uploads\/2020\/02\/salle-de-bain-concept-carrelage-3-scaled.jpg\" class=\"attachment-full size-full wp-image-386\" alt=\"\" loading=\"lazy\" srcset=\"https:\/\/conceptcarrelage.com\/wp-content\/uploads\/2020\/02\/salle-de-bain-concept-carrelage-3-scaled.jpg 2560w, https:\/\/conceptcarrelage.com\/wp-content\/uploads\/2020\/02\/salle-de-bain-concept-carrelage-3-300x225.jpg 300w, https:\/\/conceptcarrelage.com\/wp-content\/uploads\/2020\/02\/salle-de-bain-concept-carrelage-3-1024x768.jpg 1024w, https:\/\/conceptcarrelage.com\/wp-content\/uploads\/2020\/02\/salle-de-bain-concept-carrelage-3-768x576.jpg 768w, https:\/\/conceptcarrelage.com\/wp-content\/uploads\/2020\/02\/salle-de-bain-concept-carrelage-3-1536x1152.jpg 1536w, https:\/\/conceptcarrelage.com\/wp-content\/uploads\/2020\/02\/salle-de-bain-concept-carrelage-3-2048x1536.jpg 2048w\" sizes=\"(max-width: 2560px) 100vw, 2560px\" \/>\t\t\t\t\t\t\t\t\t\t\t\t\t\t<\/div>\n\t\t\t\t\t\t<\/div>\n\t\t\t\t<\/div>\n\t\t\t\t<div class=\"elementor-element elementor-element-8v29aet elementor-widget elementor-widget-text-editor\" data-id=\"8v29aet\" data-element_type=\"widget\" data-widget_type=\"text-editor.default\">\n\t\t\t\t<div class=\"elementor-widget-container\">\n\t\t\t\t\t\t\t\t<div class=\"elementor-text-editor elementor-clearfix\">\n\t\t\t\t<h3 style=\"margin: 0;\">salle de bain<\/h3><p style=\"margin: 1px 0 0;\">\u00a0<\/p>\t\t\t\t\t<\/div>\n\t\t\t\t\t\t<\/div>\n\t\t\t\t<\/div>\n\t\t\t\t\t\t<\/div>\n\t\t\t\t\t<\/div>\n\t\t<\/div>\n\t\t\t\t<div class=\"elementor-column elementor-col-25 elementor-inner-column elementor-element elementor-element-ojlksom\" data-id=\"ojlksom\" data-element_type=\"column\">\n\t\t\t<div class=\"elementor-column-wrap elementor-element-populated\">\n\t\t\t\t\t\t\t<div class=\"elementor-widget-wrap\">\n\t\t\t\t\t\t<div class=\"elementor-element elementor-element-u5pl49c elementor-invisible elementor-widget elementor-widget-image\" data-id=\"u5pl49c\" data-element_type=\"widget\" data-settings=\"{&quot;_animation&quot;:&quot;bounceIn&quot;}\" data-widget_type=\"image.default\">\n\t\t\t\t<div class=\"elementor-widget-container\">\n\t\t\t\t\t\t\t\t<div class=\"elementor-image\">\n\t\t\t\t\t\t\t\t\t\t\t\t<img width=\"2560\" height=\"1920\" src=\"https:\/\/conceptcarrelage.com\/wp-content\/uploads\/2020\/02\/chape-fluide-concept-carrelage-4-scaled.jpg\" class=\"attachment-full size-full wp-image-371\" alt=\"\" loading=\"lazy\" srcset=\"https:\/\/conceptcarrelage.com\/wp-content\/uploads\/2020\/02\/chape-fluide-concept-carrelage-4-scaled.jpg 2560w, https:\/\/conceptcarrelage.com\/wp-content\/uploads\/2020\/02\/chape-fluide-concept-carrelage-4-300x225.jpg 300w, https:\/\/conceptcarrelage.com\/wp-content\/uploads\/2020\/02\/chape-fluide-concept-carrelage-4-1024x768.jpg 1024w, https:\/\/conceptcarrelage.com\/wp-content\/uploads\/2020\/02\/chape-fluide-concept-carrelage-4-768x576.jpg 768w, https:\/\/conceptcarrelage.com\/wp-content\/uploads\/2020\/02\/chape-fluide-concept-carrelage-4-1536x1152.jpg 1536w, https:\/\/conceptcarrelage.com\/wp-content\/uploads\/2020\/02\/chape-fluide-concept-carrelage-4-2048x1536.jpg 2048w\" sizes=\"(max-width: 2560px) 100vw, 2560px\" \/>\t\t\t\t\t\t\t\t\t\t\t\t\t\t<\/div>\n\t\t\t\t\t\t<\/div>\n\t\t\t\t<\/div>\n\t\t\t\t<div class=\"elementor-element elementor-element-jyaaemp elementor-widget elementor-widget-text-editor\" data-id=\"jyaaemp\" data-element_type=\"widget\" data-settings=\"{&quot;_animation&quot;:&quot;none&quot;}\" data-widget_type=\"text-editor.default\">\n\t\t\t\t<div class=\"elementor-widget-container\">\n\t\t\t\t\t\t\t\t<div class=\"elementor-text-editor elementor-clearfix\">\n\t\t\t\t<h3 style=\"margin: 0;\">chape fluide<\/h3><p style=\"margin: 1px 0 0;\">\u00a0<\/p>\t\t\t\t\t<\/div>\n\t\t\t\t\t\t<\/div>\n\t\t\t\t<\/div>\n\t\t\t\t\t\t<\/div>\n\t\t\t\t\t<\/div>\n\t\t<\/div>\n\t\t\t\t\t\t\t\t<\/div>\n\t\t\t\t\t<\/div>\n\t\t<\/section>\n\t\t\t\t\t\t<\/div>\n\t\t\t\t\t<\/div>\n\t\t<\/div>\n\t\t\t\t\t\t\t\t<\/div>\n\t\t\t\t\t<\/div>\n\t\t<\/section>\n\t\t\t\t\t\t\t\t\t<\/div>\n\t\t\t<\/div>\n\t\t\t\t\t<\/div>\n\t\t","protected":false},"excerpt":{"rendered":"<p>carrelage fa\u00efence salle de bain chape fluide La soci\u00e9t\u00e9 CONCEPT CARRELAGE, dirig\u00e9e par Giuseppe TOCCO accompagne les professionnels et les particuliers dans le choix et la pose de carrelage,\u00a0de pavage, de fa\u00efence, de marbre, de pierre, de chape fluide en int\u00e9rieur et\/ou en ext\u00e9rieur.\u00a0CONCEPT CARRELAGE garantie un service de choix et une pose de qualit\u00e9 [&hellip;]<\/p>\n","protected":false},"author":1,"featured_media":0,"parent":0,"menu_order":0,"comment_status":"closed","ping_status":"closed","template":"","meta":[],"_links":{"self":[{"href":"https:\/\/conceptcarrelage.com\/index.php\/wp-json\/wp\/v2\/pages\/274"}],"collection":[{"href":"https:\/\/conceptcarrelage.com\/index.php\/wp-json\/wp\/v2\/pages"}],"about":[{"href":"https:\/\/conceptcarrelage.com\/index.php\/wp-json\/wp\/v2\/types\/page"}],"author":[{"embeddable":true,"href":"https:\/\/conceptcarrelage.com\/index.php\/wp-json\/wp\/v2\/users\/1"}],"replies":[{"embeddable":true,"href":"https:\/\/conceptcarrelage.com\/index.php\/wp-json\/wp\/v2\/comments?post=274"}],"version-history":[{"count":33,"href":"https:\/\/conceptcarrelage.com\/index.php\/wp-json\/wp\/v2\/pages\/274\/revisions"}],"predecessor-version":[{"id":667,"href":"https:\/\/conceptcarrelage.com\/index.php\/wp-json\/wp\/v2\/pages\/274\/revisions\/667"}],"wp:attachment":[{"href":"https:\/\/conceptcarrelage.com\/index.php\/wp-json\/wp\/v2\/media?parent=274"}],"curies":[{"name":"wp","href":"https:\/\/api.w.org\/{rel}","templated":true}]}}